{"id":494,"date":"2017-08-12T03:40:00","date_gmt":"2017-08-12T03:40:00","guid":{"rendered":"http:\/\/www.zeppelines.com.uy\/wordpress\/?page_id=494"},"modified":"2020-03-19T00:19:03","modified_gmt":"2020-03-19T00:19:03","slug":"animacion","status":"publish","type":"page","link":"https:\/\/www.zeppelines.com.uy\/index.php\/animacion\/","title":{"rendered":"Kermesse y Animaci\u00f3n"},"content":{"rendered":"<div id=\"pl-494\" class=\"panel-layout\">\n<div id=\"pg-494-0\" class=\"panel-grid panel-no-style\" data-style=\"{&quot;cell_alignment&quot;:&quot;flex-start&quot;,&quot;background_image_repeat&quot;:&quot;&quot;,&quot;no_margin&quot;:&quot;&quot;}\" data-ratio=\"1\" data-ratio-direction=\"right\">\n<div id=\"pgc-494-0-0\" class=\"panel-grid-cell\" data-weight=\"1\">\n<div id=\"panel-494-0-0-0\" class=\"so-panel widget widget_sow-editor panel-first-child panel-last-child\" data-index=\"0\" data-style=\"{&quot;background_image_attachment&quot;:false,&quot;background_display&quot;:&quot;tile&quot;}\">\n<div class=\"so-widget-sow-editor so-widget-sow-editor-base\">\n<div class=\"siteorigin-widget-tinymce textwidget\">\n<h2 style=\"text-align: center;\">Kermesse y Animaci\u00f3n<\/h2>\n<div style=\"text-align: center;\"><\/div>\n<div>.<\/div>\n<div><\/div>\n<div style=\"text-align: center;\"><span style=\"font-size: inherit;\">Nuestros capacitados animadores adaptan la animaci\u00f2n a la edad y a la cantidad de invitados.<\/span><\/div>\n<\/div>\n<div class=\"siteorigin-widget-tinymce textwidget\">\n<p style=\"text-align: center;\">Para que pases el mejor cumple con los mejores animadores y los juegos m\u00e1s divertidos.<\/p>\n<p style=\"text-align: center;\">Algunas de las actividades:<\/p>\n<p style=\"text-align: center;\">Flipper \u00b7 Bowling pista \u00b7 Tira lata con onda \u00b7 Ruletta<br \/>\nLevanta botella \u00b7 Basketball \u00b7 Arco de f\u00fatbol<br \/>\nInflable bolas magicas \u00b7 Juego de pulso<\/p>\n<\/div>\n<\/div>\n<\/div>\n<\/div>\n<\/div>\n<\/div>\n","protected":false},"excerpt":{"rendered":"<p>Kermesse y Animaci\u00f3n . Nuestros capacitados animadores adaptan la animaci\u00f2n a la edad y a la cantidad de invitados. Para que pases el mejor cumple con los mejores animadores y los juegos m\u00e1s divertidos. Algunas de las actividades: Flipper \u00b7 Bowling pista \u00b7 Tira lata con onda \u00b7 Ruletta Levanta botella \u00b7 Basketball \u00b7 Arco [&hellip;]<\/p>\n","protected":false},"author":1,"featured_media":0,"parent":0,"menu_order":0,"comment_status":"closed","ping_status":"closed","template":"","meta":[],"_links":{"self":[{"href":"https:\/\/www.zeppelines.com.uy\/index.php\/wp-json\/wp\/v2\/pages\/494"}],"collection":[{"href":"https:\/\/www.zeppelines.com.uy\/index.php\/wp-json\/wp\/v2\/pages"}],"about":[{"href":"https:\/\/www.zeppelines.com.uy\/index.php\/wp-json\/wp\/v2\/types\/page"}],"author":[{"embeddable":true,"href":"https:\/\/www.zeppelines.com.uy\/index.php\/wp-json\/wp\/v2\/users\/1"}],"replies":[{"embeddable":true,"href":"https:\/\/www.zeppelines.com.uy\/index.php\/wp-json\/wp\/v2\/comments?post=494"}],"version-history":[{"count":15,"href":"https:\/\/www.zeppelines.com.uy\/index.php\/wp-json\/wp\/v2\/pages\/494\/revisions"}],"predecessor-version":[{"id":851,"href":"https:\/\/www.zeppelines.com.uy\/index.php\/wp-json\/wp\/v2\/pages\/494\/revisions\/851"}],"wp:attachment":[{"href":"https:\/\/www.zeppelines.com.uy\/index.php\/wp-json\/wp\/v2\/media?parent=494"}],"curies":[{"name":"wp","href":"https:\/\/api.w.org\/{rel}","templated":true}]}}