{"id":470,"date":"2017-08-12T02:49:43","date_gmt":"2017-08-12T02:49:43","guid":{"rendered":"http:\/\/www.zeppelines.com.uy\/wordpress\/?page_id=470"},"modified":"2020-03-18T22:39:40","modified_gmt":"2020-03-18T22:39:40","slug":"eventos","status":"publish","type":"page","link":"https:\/\/www.zeppelines.com.uy\/index.php\/eventos\/","title":{"rendered":"Eventos"},"content":{"rendered":"<h3 style=\"text-align: center;\"><strong>Zeppelines ya ha participado en m\u00e1s de 1000 eventos!<\/strong><\/h3>\n<h3 style=\"text-align: center;\"><strong>En Montevideo y en todo el interior del Pa\u00eds!<\/strong><\/h3>\n<div style=\"text-align: center;\"><\/div>\n<p style=\"text-align: center;\">Organiz\u00e1 tu evento con ZEPPELINES<\/p>\n<p style=\"text-align: center;\">Nuestra amplia experiencia nos permite ofrecerles una infinita variedad de juegos novedosos y actividades. Nuestra capacidad log\u00edstica te asegura puntualidad a trav\u00e9s de la planificaci\u00f3n previa con el personal elegido por la empresa organizadora.<\/p>\n<p style=\"text-align: center;\">Brindamos una amplia variedad de juegos exclusivos para que cada evento sea original, divertido, e inolvidable y los invitados celebren con juegos, animaci\u00f3n y mucho m\u00e1s!!!<\/p>\n<p style=\"text-align: center;\">Somos un equipo consolidado, formado por profesionales orientados al entretenimiento, emprendedores de bases indispensables para que tu evento sea un \u00e9xito!!!<\/p>\n","protected":false},"excerpt":{"rendered":"<p>Zeppelines ya ha participado en m\u00e1s de 1000 eventos! En Montevideo y en todo el interior del Pa\u00eds! Organiz\u00e1 tu evento con ZEPPELINES Nuestra amplia experiencia nos permite ofrecerles una infinita variedad de juegos novedosos y actividades. Nuestra capacidad log\u00edstica te asegura puntualidad a trav\u00e9s de la planificaci\u00f3n previa con el personal elegido por la [&hellip;]<\/p>\n","protected":false},"author":1,"featured_media":0,"parent":0,"menu_order":0,"comment_status":"closed","ping_status":"closed","template":"","meta":[],"_links":{"self":[{"href":"https:\/\/www.zeppelines.com.uy\/index.php\/wp-json\/wp\/v2\/pages\/470"}],"collection":[{"href":"https:\/\/www.zeppelines.com.uy\/index.php\/wp-json\/wp\/v2\/pages"}],"about":[{"href":"https:\/\/www.zeppelines.com.uy\/index.php\/wp-json\/wp\/v2\/types\/page"}],"author":[{"embeddable":true,"href":"https:\/\/www.zeppelines.com.uy\/index.php\/wp-json\/wp\/v2\/users\/1"}],"replies":[{"embeddable":true,"href":"https:\/\/www.zeppelines.com.uy\/index.php\/wp-json\/wp\/v2\/comments?post=470"}],"version-history":[{"count":11,"href":"https:\/\/www.zeppelines.com.uy\/index.php\/wp-json\/wp\/v2\/pages\/470\/revisions"}],"predecessor-version":[{"id":838,"href":"https:\/\/www.zeppelines.com.uy\/index.php\/wp-json\/wp\/v2\/pages\/470\/revisions\/838"}],"wp:attachment":[{"href":"https:\/\/www.zeppelines.com.uy\/index.php\/wp-json\/wp\/v2\/media?parent=470"}],"curies":[{"name":"wp","href":"https:\/\/api.w.org\/{rel}","templated":true}]}}