{"id":148,"date":"2017-08-09T05:09:28","date_gmt":"2017-08-09T05:09:28","guid":{"rendered":"http:\/\/www.zeppelines.com.uy\/wordpress\/?page_id=148"},"modified":"2022-12-23T13:03:04","modified_gmt":"2022-12-23T13:03:04","slug":"inicio","status":"publish","type":"page","link":"https:\/\/www.zeppelines.com.uy\/","title":{"rendered":"Inicio"},"content":{"rendered":"<div id=\"pl-148\"  class=\"panel-layout\" ><div id=\"pg-148-0\"  class=\"panel-grid panel-no-style\" ><div id=\"pgc-148-0-0\"  class=\"panel-grid-cell\" ><div id=\"panel-148-0-0-0\" class=\"so-panel widget widget_sow-editor panel-first-child panel-last-child\" data-index=\"0\" ><div class=\"so-widget-sow-editor so-widget-sow-editor-base\">\n<div class=\"siteorigin-widget-tinymce textwidget\">\n\t<h3><em>Alquiler de juegos para fiestas y eventos.<\/em><\/h3>\n<p>ZEPPELINES es una empresa enfocada al entretenimiento.<br \/>\nJuegos para toda la familia!<br \/>\nLlevamos los juegos m\u00e1s novedosos a tu fiesta en Montevideo y todo el Uruguay.<br \/>\nUn inflable de ZEPPELINES se instala en s\u00f3lo 30 minutos\u2026 y empieza la fiesta!<br \/>\nAs\u00ed de f\u00e1cil es nuestra propuesta!<br \/>\nJuegos diferentes nos llevan a ser una empresa\u00a0<em>innovadora<\/em>.<\/p>\n<\/div>\n<\/div><\/div><\/div><div id=\"pgc-148-0-1\"  class=\"panel-grid-cell\" ><div id=\"panel-148-0-1-0\" class=\"so-panel widget widget_sow-editor panel-first-child panel-last-child\" data-index=\"1\" ><div class=\"so-widget-sow-editor so-widget-sow-editor-base\">\n<div class=\"siteorigin-widget-tinymce textwidget\">\n\t<h3><em>Nuestro Parque de Diversiones!<br \/>\nNos mudamos a La Barra por la principal!<\/em><\/h3>\n<p>Desde hace 11 a\u00f1os manejamos nuestro Parque de Diversiones.<br \/>\nCreciendo a\u00f1o a a\u00f1o en m\u00e1s y m\u00e1s entretenimiento.<br \/>\nKarting, Bungy, Toboganes Gigantes, Inflables, Airwheels, Caida libre y m\u00e1s.<br \/>\nAbierto<\/p>\n<p>&nbsp;<\/p>\n<\/div>\n<\/div><\/div><\/div><\/div><div id=\"pg-148-1\"  class=\"panel-grid panel-no-style\" ><div id=\"pgc-148-1-0\"  class=\"panel-grid-cell\" ><div id=\"panel-148-1-0-0\" class=\"so-panel widget widget_sow-editor panel-first-child panel-last-child\" data-index=\"2\" ><div class=\"so-widget-sow-editor so-widget-sow-editor-base\">\n<div class=\"siteorigin-widget-tinymce textwidget\">\n\t<p>&nbsp;<\/p>\n<hr \/>\n<p style=\"text-align: center;\"><a class=\"maxbutton-3 maxbutton maxbutton-ver-juegos\" title=\"Ver Juegos\" href=\"https:\/\/www.zeppelines.com.uy\/index.php\/juegos\/\"><span class='mb-text'>Pulsa aqu\u00ed para ir a la galeria de juegos<\/span><\/a><\/p>\n<hr \/>\n<h3 style=\"text-align: center;\">Juegos destacados:<\/h3>\n<div class=\"product-list responsive default  per-row-2\"  data-ic_ajax_query='{\"post_type\":\"al_product\",\"tax_query\":[{\"taxonomy\":\"al_product-cat\",\"field\":\"term_id\",\"terms\":[\"34\"]}],\"posts_per_page\":100,\"archive_template\":\"default\"}'>\r\n\r\n    <div class=\"al_archive product-698 modern-grid-element red-box ic-design publish\">\r\n\t\t        <div class=\"pseudo\"><\/div>\r\n        <a href=\"https:\/\/www.zeppelines.com.uy\/index.php\/juegos\/samba\/\"><img width=\"600\" height=\"384\" src=\"https:\/\/www.zeppelines.com.uy\/wp-content\/uploads\/2019\/05\/WhatsApp-Image-2019-05-02-at-05.54.26-600x384.jpeg\" class=\"modern-grid-image\" alt=\"Samba\" decoding=\"async\" loading=\"lazy\" \/>            <h3 class=\"product-name red-box ic-design\">Samba<\/h3>\r\n\t\t\t        <\/a>\r\n\t\t    <\/div>\r\n\r\n\r\n\r\n    <div class=\"al_archive product-689 modern-grid-element red-box ic-design publish\">\r\n\t\t        <div class=\"pseudo\"><\/div>\r\n        <a href=\"https:\/\/www.zeppelines.com.uy\/index.php\/juegos\/pisa-pelotas\/\"><img width=\"600\" height=\"384\" src=\"https:\/\/www.zeppelines.com.uy\/wp-content\/uploads\/2019\/04\/WhatsApp-Image-2019-05-02-at-05.04.57-600x384.jpeg\" class=\"modern-grid-image\" alt=\"Pisa Pelotas\" decoding=\"async\" loading=\"lazy\" \/>            <h3 class=\"product-name red-box ic-design\">Pisa Pelotas<\/h3>\r\n\t\t\t        <\/a>\r\n\t\t    <\/div>\r\n\r\n\r\n\r\n    <div class=\"al_archive product-687 modern-grid-element red-box ic-design publish\">\r\n\t\t        <div class=\"pseudo\"><\/div>\r\n        <a href=\"https:\/\/www.zeppelines.com.uy\/index.php\/juegos\/mansion-del-dragon\/\"><img width=\"600\" height=\"384\" src=\"https:\/\/www.zeppelines.com.uy\/wp-content\/uploads\/2019\/04\/WhatsApp-Image-2019-03-25-at-19.37.08-1-600x384.jpeg\" class=\"modern-grid-image\" alt=\"Mansi\u00f3n del Drag\u00f3n\" decoding=\"async\" loading=\"lazy\" \/>            <h3 class=\"product-name red-box ic-design\">Mansi\u00f3n del Drag\u00f3n<\/h3>\r\n\t\t\t        <\/a>\r\n\t\t    <\/div>\r\n\r\n\r\n\r\n    <div class=\"al_archive product-686 modern-grid-element red-box ic-design publish\">\r\n\t\t        <div class=\"pseudo\"><\/div>\r\n        <a href=\"https:\/\/www.zeppelines.com.uy\/index.php\/juegos\/laberinto-de-obstaculos\/\"><img width=\"600\" height=\"384\" src=\"https:\/\/www.zeppelines.com.uy\/wp-content\/uploads\/2019\/04\/WhatsApp-Image-2019-03-25-at-19.37.11-1-600x384.jpeg\" class=\"modern-grid-image\" alt=\"Laberinto de Obst\u00e1culos\" decoding=\"async\" loading=\"lazy\" \/>            <h3 class=\"product-name red-box ic-design\">Laberinto de Obst\u00e1culos<\/h3>\r\n\t\t\t        <\/a>\r\n\t\t    <\/div>\r\n\r\n\r\n\r\n    <div class=\"al_archive product-664 modern-grid-element red-box ic-design publish\">\r\n\t\t        <div class=\"pseudo\"><\/div>\r\n        <a href=\"https:\/\/www.zeppelines.com.uy\/index.php\/juegos\/rampa-del-cocodrilo\/\"><img width=\"500\" height=\"375\" src=\"https:\/\/www.zeppelines.com.uy\/wp-content\/uploads\/2019\/04\/WhatsApp-Image-2019-03-25-at-19.37.07-1.jpeg\" class=\"modern-grid-image higher\" alt=\"Rampa del Cocodrilo\" decoding=\"async\" loading=\"lazy\" srcset=\"https:\/\/www.zeppelines.com.uy\/wp-content\/uploads\/2019\/04\/WhatsApp-Image-2019-03-25-at-19.37.07-1.jpeg 500w, https:\/\/www.zeppelines.com.uy\/wp-content\/uploads\/2019\/04\/WhatsApp-Image-2019-03-25-at-19.37.07-1-300x225.jpeg 300w, https:\/\/www.zeppelines.com.uy\/wp-content\/uploads\/2019\/04\/WhatsApp-Image-2019-03-25-at-19.37.07-1-213x160.jpeg 213w\" sizes=\"(max-width: 500px) 100vw, 500px\" \/>            <h3 class=\"product-name red-box ic-design\">Rampa del Cocodrilo<\/h3>\r\n\t\t\t        <\/a>\r\n\t\t    <\/div>\r\n\r\n\r\n\r\n    <div class=\"al_archive product-605 modern-grid-element red-box ic-design publish\">\r\n\t\t        <div class=\"pseudo\"><\/div>\r\n        <a href=\"https:\/\/www.zeppelines.com.uy\/index.php\/juegos\/barco-pirata-2\/\"><img width=\"600\" height=\"384\" src=\"https:\/\/www.zeppelines.com.uy\/wp-content\/uploads\/2018\/07\/Barco-600x384.jpg\" class=\"modern-grid-image\" alt=\"Barco Pirata\" decoding=\"async\" loading=\"lazy\" \/>            <h3 class=\"product-name red-box ic-design\">Barco Pirata<\/h3>\r\n\t\t\t        <\/a>\r\n\t\t    <\/div>\r\n\r\n\r\n\r\n    <div class=\"al_archive product-603 modern-grid-element red-box ic-design publish\">\r\n\t\t        <div class=\"pseudo\"><\/div>\r\n        <a href=\"https:\/\/www.zeppelines.com.uy\/index.php\/juegos\/cohete\/\"><img width=\"600\" height=\"384\" src=\"https:\/\/www.zeppelines.com.uy\/wp-content\/uploads\/2018\/07\/Coete-600x384.jpg\" class=\"modern-grid-image\" alt=\"Cohete\" decoding=\"async\" loading=\"lazy\" \/>            <h3 class=\"product-name red-box ic-design\">Cohete<\/h3>\r\n\t\t\t        <\/a>\r\n\t\t    <\/div>\r\n\r\n\r\n\r\n    <div class=\"al_archive product-417 modern-grid-element red-box ic-design publish\">\r\n\t\t        <div class=\"pseudo\"><\/div>\r\n        <a href=\"https:\/\/www.zeppelines.com.uy\/index.php\/juegos\/karts-a-bateria\/\"><img width=\"600\" height=\"384\" src=\"https:\/\/www.zeppelines.com.uy\/wp-content\/uploads\/2017\/08\/KartSmall-600x384.jpg\" class=\"modern-grid-image\" alt=\"Karts a Bateria\" decoding=\"async\" loading=\"lazy\" \/>            <h3 class=\"product-name red-box ic-design\">Karts a Bateria<\/h3>\r\n\t\t\t        <\/a>\r\n\t\t    <\/div>\r\n\r\n\r\n\r\n    <div class=\"al_archive product-381 modern-grid-element red-box ic-design publish\">\r\n\t\t        <div class=\"pseudo\"><\/div>\r\n        <a href=\"https:\/\/www.zeppelines.com.uy\/index.php\/juegos\/toro-mecanico\/\"><img width=\"600\" height=\"384\" src=\"https:\/\/www.zeppelines.com.uy\/wp-content\/uploads\/2017\/08\/WP_20141109_073-1-600x384.jpg\" class=\"modern-grid-image\" alt=\"Toro Mec\u00e1nico\" decoding=\"async\" loading=\"lazy\" \/>            <h3 class=\"product-name red-box ic-design\">Toro Mec\u00e1nico<\/h3>\r\n\t\t\t        <\/a>\r\n\t\t    <\/div>\r\n\r\n\r\n\r\n    <div class=\"al_archive product-371 modern-grid-element red-box ic-design publish\">\r\n\t\t        <div class=\"pseudo\"><\/div>\r\n        <a href=\"https:\/\/www.zeppelines.com.uy\/index.php\/juegos\/eurobungy-4-en-1\/\"><img width=\"600\" height=\"384\" src=\"https:\/\/www.zeppelines.com.uy\/wp-content\/uploads\/2017\/08\/Bungy4-600x384.jpg\" class=\"modern-grid-image\" alt=\"EuroBungy 4 en 1\" decoding=\"async\" loading=\"lazy\" \/>            <h3 class=\"product-name red-box ic-design\">EuroBungy 4 en 1<\/h3>\r\n\t\t\t        <\/a>\r\n\t\t    <\/div>\r\n\r\n\r\n\r\n    <div class=\"al_archive product-368 modern-grid-element red-box ic-design publish\">\r\n\t\t        <div class=\"pseudo\"><\/div>\r\n        <a href=\"https:\/\/www.zeppelines.com.uy\/index.php\/juegos\/caida-libre\/\"><img width=\"600\" height=\"384\" src=\"https:\/\/www.zeppelines.com.uy\/wp-content\/uploads\/2017\/08\/caida-libre-2017-600x384.jpg\" class=\"modern-grid-image\" alt=\"Ca\u00edda Libre\" decoding=\"async\" loading=\"lazy\" \/>            <h3 class=\"product-name red-box ic-design\">Ca\u00edda Libre<\/h3>\r\n\t\t\t        <\/a>\r\n\t\t    <\/div>\r\n\r\n\r\n\r\n    <div class=\"al_archive product-331 modern-grid-element red-box ic-design publish\">\r\n\t\t        <div class=\"pseudo\"><\/div>\r\n        <a href=\"https:\/\/www.zeppelines.com.uy\/index.php\/juegos\/mega-tobogan\/\"><img width=\"600\" height=\"384\" src=\"https:\/\/www.zeppelines.com.uy\/wp-content\/uploads\/2017\/08\/Mega-Tobog\u00e1n-600x384.jpg\" class=\"modern-grid-image\" alt=\"Mega Tobog\u00e1n\" decoding=\"async\" loading=\"lazy\" \/>            <h3 class=\"product-name red-box ic-design\">Mega Tobog\u00e1n<\/h3>\r\n\t\t\t        <\/a>\r\n\t\t    <\/div>\r\n\r\n<div style=\"clear:both\"><\/div><\/div>\n<h3 style=\"text-align: center;\"><a href=\"https:\/\/www.zeppelines.com.uy\/index.php\/juegos\/\">Ver mas juegos...<\/a><\/h3>\n<\/div>\n<\/div><\/div><\/div><\/div><\/div>","protected":false},"excerpt":{"rendered":"<p>Alquiler de juegos para fiestas y eventos. ZEPPELINES es una empresa enfocada al entretenimiento. Juegos para toda la familia! Llevamos los juegos m\u00e1s novedosos a tu fiesta en Montevideo y todo el Uruguay. Un inflable de ZEPPELINES se instala en s\u00f3lo 30 minutos\u2026 y empieza la fiesta! As\u00ed de f\u00e1cil es nuestra propuesta! Juegos diferentes [&hellip;]<\/p>\n","protected":false},"author":1,"featured_media":0,"parent":0,"menu_order":0,"comment_status":"closed","ping_status":"closed","template":"templates\/template-full-notitle.php","meta":[],"_links":{"self":[{"href":"https:\/\/www.zeppelines.com.uy\/index.php\/wp-json\/wp\/v2\/pages\/148"}],"collection":[{"href":"https:\/\/www.zeppelines.com.uy\/index.php\/wp-json\/wp\/v2\/pages"}],"about":[{"href":"https:\/\/www.zeppelines.com.uy\/index.php\/wp-json\/wp\/v2\/types\/page"}],"author":[{"embeddable":true,"href":"https:\/\/www.zeppelines.com.uy\/index.php\/wp-json\/wp\/v2\/users\/1"}],"replies":[{"embeddable":true,"href":"https:\/\/www.zeppelines.com.uy\/index.php\/wp-json\/wp\/v2\/comments?post=148"}],"version-history":[{"count":25,"href":"https:\/\/www.zeppelines.com.uy\/index.php\/wp-json\/wp\/v2\/pages\/148\/revisions"}],"predecessor-version":[{"id":869,"href":"https:\/\/www.zeppelines.com.uy\/index.php\/wp-json\/wp\/v2\/pages\/148\/revisions\/869"}],"wp:attachment":[{"href":"https:\/\/www.zeppelines.com.uy\/index.php\/wp-json\/wp\/v2\/media?parent=148"}],"curies":[{"name":"wp","href":"https:\/\/api.w.org\/{rel}","templated":true}]}}